{"id":1798,"date":"2024-09-19T13:01:14","date_gmt":"2024-09-19T13:01:14","guid":{"rendered":"https:\/\/raynov.ma\/?page_id=1798"},"modified":"2025-02-24T13:33:36","modified_gmt":"2025-02-24T13:33:36","slug":"products","status":"publish","type":"page","link":"https:\/\/raynov.ma\/fr\/products\/","title":{"rendered":"Produits"},"content":{"rendered":"<div class=\"wp-block-uagb-container uagb-layout-flex uagb-block-owiukf0p alignfull uagb-is-root-container\"><div class=\"uagb-container-inner-blocks-wrap\">\n<div class=\"wp-block-uagb-info-box uagb-block-fgharqyu uagb-infobox__content-wrap  uagb-infobox-icon-above-title uagb-infobox-image-valign-top\"><div class=\"uagb-ifb-content\"><div class=\"uagb-ifb-title-wrap\"><p class=\"uagb-ifb-title-prefix\">Ouvrez de nouvelles possibilit\u00e9s<\/p><h1 class=\"uagb-ifb-title\">Bienvenue dans notre gamme de produits<\/h1><\/div><\/div><\/div>\n<\/div><\/div>\n\n\n\n<div class=\"wp-block-uagb-container uagb-block-bwukjpgu alignfull uagb-is-root-container\"><div class=\"uagb-container-inner-blocks-wrap\">\n<div class=\"wp-block-uagb-info-box uagb-block-cf2487c9 uagb-infobox__content-wrap  uagb-infobox-icon-above-title uagb-infobox-image-valign-top\"><div class=\"uagb-ifb-content\"><div class=\"uagb-ifb-title-wrap\"><\/div><p class=\"uagb-ifb-desc\">Bienvenue dans notre gamme de produits : syst\u00e8mes d\u2019injection de d\u00e9fauts, solutions de conception modulaire et configurations HIL.\nCon\u00e7us pour optimiser vos projets, nos produits offrent pr\u00e9cision, flexibilit\u00e9 et int\u00e9gration fluide pour tous vos besoins en test et d\u00e9veloppement.<\/p><\/div><\/div>\n\n\n\n<div class=\"wp-block-uagb-container uagb-block-trfdsb2k\">\n<div class=\"wp-block-uagb-container uagb-block-rt5eix6q\">\n<div class=\"wp-block-uagb-image alignleft uagb-block-uiwvbezv wp-block-uagb-image--layout-default wp-block-uagb-image--effect-static wp-block-uagb-image--align-left\"><figure class=\"wp-block-uagb-image__figure\"><img decoding=\"async\" srcset=\"https:\/\/raynov.ma\/wp-content\/uploads\/2024\/09\/a-photo-of-a-fault-injection-equipment-setup-there-YG8ZLQviQUSHo1HHg1XBng-90zgKwXFTGqRBLchkLGg3g.jpeg ,https:\/\/raynov.ma\/wp-content\/uploads\/2024\/09\/a-photo-of-a-fault-injection-equipment-setup-there-YG8ZLQviQUSHo1HHg1XBng-90zgKwXFTGqRBLchkLGg3g.jpeg 780w, https:\/\/raynov.ma\/wp-content\/uploads\/2024\/09\/a-photo-of-a-fault-injection-equipment-setup-there-YG8ZLQviQUSHo1HHg1XBng-90zgKwXFTGqRBLchkLGg3g.jpeg 360w\" sizes=\"auto, (max-width: 480px) 150px\" src=\"https:\/\/raynov.ma\/wp-content\/uploads\/2024\/09\/a-photo-of-a-fault-injection-equipment-setup-there-YG8ZLQviQUSHo1HHg1XBng-90zgKwXFTGqRBLchkLGg3g.jpeg\" alt=\"\" class=\"uag-image-1814\" width=\"352\" height=\"260\" title=\"a-photo-of-a-fault-injection-equipment-setup-there-YG8ZLQviQUSHo1HHg1XBng-90zgKwXFTGqRBLchkLGg3g\" loading=\"lazy\" role=\"img\"\/><\/figure><\/div>\n\n\n\n<div class=\"wp-block-uagb-info-box uagb-block-1tug0v0g uagb-infobox__content-wrap  uagb-infobox-icon-above-title uagb-infobox-image-valign-top\"><div class=\"uagb-ifb-content\"><div class=\"uagb-ifb-title-wrap\"><h3 class=\"uagb-ifb-title\">Injection de d\u00e9fauts<\/h3><\/div><p class=\"uagb-ifb-desc translation-block\">Les tests d\u2019injection de d\u00e9fauts permettent d\u2019\u00e9valuer la r\u00e9action des syst\u00e8mes \u00e9lectroniques aux pannes en introduisant des perturbations contr\u00f4l\u00e9es.\n<br><em>D\u00e9couvrez comment nos solutions am\u00e9liorent la fiabilit\u00e9 des syst\u00e8mes<\/em>\u2026<\/p><\/div><\/div>\n\n\n\n<div class=\"wp-block-uagb-buttons uagb-buttons__outer-wrap uagb-btn__default-btn uagb-btn-tablet__default-btn uagb-btn-mobile__default-btn uagb-block-w5ta0ggz\"><div class=\"uagb-buttons__wrap uagb-buttons-layout-wrap\">\n<div class=\"wp-block-uagb-buttons-child uagb-buttons__outer-wrap uagb-block-hpkyvbtc wp-block-button\"><div class=\"uagb-button__wrapper\"><a class=\"uagb-buttons-repeater wp-block-button__link\" aria-label=\"\" href=\"https:\/\/raynov.ma\/fr\/category\/products\/fault-injection\/\" rel=\"follow noopener\" target=\"_self\" role=\"button\"><div class=\"uagb-button__link\">Explorez<\/div><span class=\"uagb-button__icon uagb-button__icon-position-after\"><svg xmlns=\"https:\/\/www.w3.org\/2000\/svg\" viewbox=\"0 0 320 512\" aria-hidden=\"true\" focussable=\"false\"><path d=\"M96 480c-8.188 0-16.38-3.125-22.62-9.375c-12.5-12.5-12.5-32.75 0-45.25L242.8 256L73.38 86.63c-12.5-12.5-12.5-32.75 0-45.25s32.75-12.5 45.25 0l192 192c12.5 12.5 12.5 32.75 0 45.25l-192 192C112.4 476.9 104.2 480 96 480z\"><\/path><\/svg><\/span><\/a><\/div><\/div>\n<\/div><\/div>\n<\/div>\n\n\n\n<div class=\"wp-block-uagb-container uagb-block-0ibqgi8v\">\n<div class=\"wp-block-uagb-image alignleft uagb-block-zkmkfvwh wp-block-uagb-image--layout-default wp-block-uagb-image--effect-static wp-block-uagb-image--align-left\"><figure class=\"wp-block-uagb-image__figure\"><img decoding=\"async\" srcset=\"https:\/\/raynov.ma\/wp-content\/uploads\/2024\/09\/a-photo-of-a-tech-laboratory-with-a-simple-setup-t-djTW5MC8QwCIBcEMUOB0TA-Gqa71EdjQzuFB8pTkjqk8g.jpeg ,https:\/\/raynov.ma\/wp-content\/uploads\/2024\/09\/a-photo-of-a-tech-laboratory-with-a-simple-setup-t-djTW5MC8QwCIBcEMUOB0TA-Gqa71EdjQzuFB8pTkjqk8g.jpeg 780w, https:\/\/raynov.ma\/wp-content\/uploads\/2024\/09\/a-photo-of-a-tech-laboratory-with-a-simple-setup-t-djTW5MC8QwCIBcEMUOB0TA-Gqa71EdjQzuFB8pTkjqk8g.jpeg 360w\" sizes=\"auto, (max-width: 480px) 150px\" src=\"https:\/\/raynov.ma\/wp-content\/uploads\/2024\/09\/a-photo-of-a-tech-laboratory-with-a-simple-setup-t-djTW5MC8QwCIBcEMUOB0TA-Gqa71EdjQzuFB8pTkjqk8g.jpeg\" alt=\"\" class=\"uag-image-1682\" width=\"352\" height=\"260\" title=\"a-photo-of-a-tech-laboratory-with-a-simple-setup-t-djTW5MC8QwCIBcEMUOB0TA-Gqa71EdjQzuFB8pTkjqk8g\" loading=\"lazy\" role=\"img\"\/><\/figure><\/div>\n\n\n\n<div class=\"wp-block-uagb-info-box uagb-block-gvxocjuy uagb-infobox__content-wrap  uagb-infobox-icon-above-title uagb-infobox-image-valign-top\"><div class=\"uagb-ifb-content\"><div class=\"uagb-ifb-title-wrap\"><h3 class=\"uagb-ifb-title\">Conception modulaire<\/h3><\/div><p class=\"uagb-ifb-desc translation-block\">Notre conception modulaire garantit des syst\u00e8mes \u00e9volutifs et adaptables, avec des composants flexibles facilitant les mises \u00e0 niveau, la maintenance et les performances optimales.\n<br><em>Explorez nos solutions modulaires innovantes.<\/em>\u2026<\/p><\/div><\/div>\n\n\n\n<div class=\"wp-block-uagb-buttons uagb-buttons__outer-wrap uagb-btn__default-btn uagb-btn-tablet__default-btn uagb-btn-mobile__default-btn uagb-block-c4b1331c\"><div class=\"uagb-buttons__wrap uagb-buttons-layout-wrap\">\n<div class=\"wp-block-uagb-buttons-child uagb-buttons__outer-wrap uagb-block-7b9d2ee9 wp-block-button\"><div class=\"uagb-button__wrapper\"><a class=\"uagb-buttons-repeater wp-block-button__link\" aria-label=\"\" href=\"https:\/\/raynov.ma\/fr\/category\/products\/fault-injection\/\" rel=\"follow noopener\" target=\"_self\" role=\"button\"><div class=\"uagb-button__link\">Explorez<\/div><span class=\"uagb-button__icon uagb-button__icon-position-after\"><svg xmlns=\"https:\/\/www.w3.org\/2000\/svg\" viewbox=\"0 0 320 512\" aria-hidden=\"true\" focussable=\"false\"><path d=\"M96 480c-8.188 0-16.38-3.125-22.62-9.375c-12.5-12.5-12.5-32.75 0-45.25L242.8 256L73.38 86.63c-12.5-12.5-12.5-32.75 0-45.25s32.75-12.5 45.25 0l192 192c12.5 12.5 12.5 32.75 0 45.25l-192 192C112.4 476.9 104.2 480 96 480z\"><\/path><\/svg><\/span><\/a><\/div><\/div>\n<\/div><\/div>\n<\/div>\n\n\n\n<div class=\"wp-block-uagb-container uagb-block-mg5bqbxo\">\n<div class=\"wp-block-uagb-image alignleft uagb-block-abye7h2w wp-block-uagb-image--layout-default wp-block-uagb-image--effect-static wp-block-uagb-image--align-left\"><figure class=\"wp-block-uagb-image__figure\"><img decoding=\"async\" srcset=\"https:\/\/raynov.ma\/wp-content\/uploads\/2024\/09\/a-modern-high-tech-laboratory-with-an-electronic-h-TNc1mlnoTpGX3MwdusU1kw-4UYyvul7TAWeeGE5kaEsJQ-1-1.jpeg ,https:\/\/raynov.ma\/wp-content\/uploads\/2024\/09\/a-modern-high-tech-laboratory-with-an-electronic-h-TNc1mlnoTpGX3MwdusU1kw-4UYyvul7TAWeeGE5kaEsJQ-1-1.jpeg 780w, https:\/\/raynov.ma\/wp-content\/uploads\/2024\/09\/a-modern-high-tech-laboratory-with-an-electronic-h-TNc1mlnoTpGX3MwdusU1kw-4UYyvul7TAWeeGE5kaEsJQ-1-1.jpeg 360w\" sizes=\"auto, (max-width: 480px) 150px\" src=\"https:\/\/raynov.ma\/wp-content\/uploads\/2024\/09\/a-modern-high-tech-laboratory-with-an-electronic-h-TNc1mlnoTpGX3MwdusU1kw-4UYyvul7TAWeeGE5kaEsJQ-1-1.jpeg\" alt=\"\" class=\"uag-image-1425\" width=\"352\" height=\"260\" title=\"a-modern-high-tech-laboratory-with-an-electronic-h-TNc1mlnoTpGX3MwdusU1kw-4UYyvul7TAWeeGE5kaEsJQ (1)\" loading=\"lazy\" role=\"img\"\/><\/figure><\/div>\n\n\n\n<div class=\"wp-block-uagb-info-box uagb-block-jfa6vwbj uagb-infobox__content-wrap  uagb-infobox-icon-above-title uagb-infobox-image-valign-top\"><div class=\"uagb-ifb-content\"><div class=\"uagb-ifb-title-wrap\"><h3 class=\"uagb-ifb-title\">Hardware in the loop<\/h3><\/div><p class=\"uagb-ifb-desc translation-block\">La simulation Hardware-in-the-loop (HIL) permet des tests en temps r\u00e9el en int\u00e9grant du mat\u00e9riel physique dans des environnements virtuels.\n&lt;Optimisez vos essais avec nos solutions HIL<\/em>\u2026<\/p><\/div><\/div>\n\n\n\n<div class=\"wp-block-uagb-buttons uagb-buttons__outer-wrap uagb-btn__default-btn uagb-btn-tablet__default-btn uagb-btn-mobile__default-btn uagb-block-f3tg0zbj\"><div class=\"uagb-buttons__wrap uagb-buttons-layout-wrap\">\n<div class=\"wp-block-uagb-buttons-child uagb-buttons__outer-wrap uagb-block-xbsqidih wp-block-button\"><div class=\"uagb-button__wrapper\"><a class=\"uagb-buttons-repeater wp-block-button__link\" aria-label=\"\" href=\"#\" rel=\"follow noopener\" target=\"_self\" role=\"button\"><div class=\"uagb-button__link\">Explorez<\/div><span class=\"uagb-button__icon uagb-button__icon-position-after\"><svg xmlns=\"https:\/\/www.w3.org\/2000\/svg\" viewbox=\"0 0 320 512\" aria-hidden=\"true\" focussable=\"false\"><path d=\"M96 480c-8.188 0-16.38-3.125-22.62-9.375c-12.5-12.5-12.5-32.75 0-45.25L242.8 256L73.38 86.63c-12.5-12.5-12.5-32.75 0-45.25s32.75-12.5 45.25 0l192 192c12.5 12.5 12.5 32.75 0 45.25l-192 192C112.4 476.9 104.2 480 96 480z\"><\/path><\/svg><\/span><\/a><\/div><\/div>\n<\/div><\/div>\n<\/div>\n<\/div>\n<\/div><\/div>","protected":false},"excerpt":{"rendered":"","protected":false},"author":1,"featured_media":0,"parent":0,"menu_order":0,"comment_status":"closed","ping_status":"closed","template":"","meta":{"_uag_custom_page_level_css":"","_monsterinsights_skip_tracking":false,"_monsterinsights_sitenote_active":false,"_monsterinsights_sitenote_note":"","_monsterinsights_sitenote_category":0,"site-sidebar-layout":"default","site-content-layout":"","ast-site-content-layout":"","site-content-style":"default","site-sidebar-style":"default","ast-global-header-display":"","ast-banner-title-visibility":"","ast-main-header-display":"","ast-hfb-above-header-display":"","ast-hfb-below-header-display":"","ast-hfb-mobile-header-display":"","site-post-title":"disabled","ast-breadcrumbs-content":"","ast-featured-img":"","footer-sml-layout":"","theme-transparent-header-meta":"","adv-header-id-meta":"","stick-header-meta":"","header-above-stick-meta":"","header-main-stick-meta":"","header-below-stick-meta":"","astra-migrate-meta-layouts":"default","ast-page-background-enabled":"default","ast-page-background-meta":{"desktop":{"background-color":"var(--ast-global-color-4)","background-image":"","background-repeat":"repeat","background-position":"center center","background-size":"auto","background-attachment":"scroll","background-type":"","background-media":"","overlay-type":"","overlay-color":"","overlay-opacity":"","overlay-gradient":""},"tablet":{"background-color":"","background-image":"","background-repeat":"repeat","background-position":"center center","background-size":"auto","background-attachment":"scroll","background-type":"","background-media":"","overlay-type":"","overlay-color":"","overlay-opacity":"","overlay-gradient":""},"mobile":{"background-color":"","background-image":"","background-repeat":"repeat","background-position":"center center","background-size":"auto","background-attachment":"scroll","background-type":"","background-media":"","overlay-type":"","overlay-color":"","overlay-opacity":"","overlay-gradient":""}},"ast-content-background-meta":{"desktop":{"background-color":"var(--ast-global-color-5)","background-image":"","background-repeat":"repeat","background-position":"center center","background-size":"auto","background-attachment":"scroll","background-type":"","background-media":"","overlay-type":"","overlay-color":"","overlay-opacity":"","overlay-gradient":""},"tablet":{"background-color":"var(--ast-global-color-5)","background-image":"","background-repeat":"repeat","background-position":"center center","background-size":"auto","background-attachment":"scroll","background-type":"","background-media":"","overlay-type":"","overlay-color":"","overlay-opacity":"","overlay-gradient":""},"mobile":{"background-color":"var(--ast-global-color-5)","background-image":"","background-repeat":"repeat","background-position":"center center","background-size":"auto","background-attachment":"scroll","background-type":"","background-media":"","overlay-type":"","overlay-color":"","overlay-opacity":"","overlay-gradient":""}},"footnotes":""},"class_list":["post-1798","page","type-page","status-publish","hentry"],"_hostinger_reach_plugin_has_subscription_block":false,"_hostinger_reach_plugin_is_elementor":false,"uagb_featured_image_src":{"full":false,"thumbnail":false,"medium":false,"medium_large":false,"large":false,"1536x1536":false,"2048x2048":false,"trp-custom-language-flag":false},"uagb_author_info":{"display_name":"contact@raynov.ma","author_link":"https:\/\/raynov.ma\/fr\/author\/contactraynov-ma\/"},"uagb_comment_info":0,"uagb_excerpt":null,"_links":{"self":[{"href":"https:\/\/raynov.ma\/fr\/wp-json\/wp\/v2\/pages\/1798","targetHints":{"allow":["GET"]}}],"collection":[{"href":"https:\/\/raynov.ma\/fr\/wp-json\/wp\/v2\/pages"}],"about":[{"href":"https:\/\/raynov.ma\/fr\/wp-json\/wp\/v2\/types\/page"}],"author":[{"embeddable":true,"href":"https:\/\/raynov.ma\/fr\/wp-json\/wp\/v2\/users\/1"}],"replies":[{"embeddable":true,"href":"https:\/\/raynov.ma\/fr\/wp-json\/wp\/v2\/comments?post=1798"}],"version-history":[{"count":16,"href":"https:\/\/raynov.ma\/fr\/wp-json\/wp\/v2\/pages\/1798\/revisions"}],"predecessor-version":[{"id":2311,"href":"https:\/\/raynov.ma\/fr\/wp-json\/wp\/v2\/pages\/1798\/revisions\/2311"}],"wp:attachment":[{"href":"https:\/\/raynov.ma\/fr\/wp-json\/wp\/v2\/media?parent=1798"}],"curies":[{"name":"wp","href":"https:\/\/api.w.org\/{rel}","templated":true}]}}