{"id":279,"date":"2024-09-06T10:52:33","date_gmt":"2024-09-06T10:52:33","guid":{"rendered":"https:\/\/raynov.ma\/about\/"},"modified":"2025-02-24T13:34:49","modified_gmt":"2025-02-24T13:34:49","slug":"about","status":"publish","type":"page","link":"https:\/\/raynov.ma\/fr\/about\/","title":{"rendered":"A propos"},"content":{"rendered":"<div class=\"wp-block-uagb-container uagb-block-d43d0c88 alignfull uagb-is-root-container\"><div class=\"uagb-container-inner-blocks-wrap\">\n<div class=\"wp-block-uagb-advanced-heading uagb-block-8f5d1181\"><p class=\"uagb-desc-text\">D\u00e9couvrez<\/p><h1 class=\"uagb-heading-text\">RAYNOV Technologies<\/h1><\/div>\n<\/div><\/div>\n\n\n\n<div class=\"wp-block-uagb-container uagb-block-7225cbb4 alignfull uagb-is-root-container\"><div class=\"uagb-container-inner-blocks-wrap\">\n<div class=\"wp-block-uagb-container uagb-layout-grid uagb-block-6fe18104\">\n<div class=\"wp-block-uagb-info-box uagb-block-2fba8f42 uagb-infobox__content-wrap  uagb-infobox-icon-above-title uagb-infobox-image-valign-top wp-block-uagb-info-box--has-margin\"><div class=\"uagb-infobox-margin-wrapper\"><div class=\"uagb-ifb-content\"><div class=\"uagb-ifb-title-wrap\"><p class=\"uagb-ifb-title-prefix\">Notre Histoire<\/p><h2 class=\"uagb-ifb-title\">Stimuler l\u2019innovation en \u00e9lectronique et en technologies logicielles<\/h2><\/div><p class=\"uagb-ifb-desc\">RAYNOV Technologies excelle dans la fourniture de solutions \u00e9lectroniques et logicielles de pointe. Notre engagement envers l\u2019excellence nous a permis d\u2019obtenir des r\u00e9sultats remarquables pour nos clients dans les secteurs automobile, m\u00e9dical, \u00e9nerg\u00e9tique, ferroviaire et \u00e9ducatif.\nNous proposons des bancs de test \u00e9lectroniques fiables ainsi que des services avanc\u00e9s d\u2019ing\u00e9nierie en syst\u00e8mes embarqu\u00e9s.<\/p><\/div><\/div><\/div>\n\n\n\n<div class=\"wp-block-uagb-image uagb-block-8b152943 wp-block-uagb-image--layout-default wp-block-uagb-image--effect-static wp-block-uagb-image--align-none\"><figure class=\"wp-block-uagb-image__figure\"><img decoding=\"async\" srcset=\"https:\/\/raynov.ma\/wp-content\/uploads\/2024\/09\/a-photo-of-a-high-intensity-lighting-hil-test-benc-3UmJ3ZOOSG-todtMnGN-Mg-Ggg6SJzqRdm8riV2jTXqTw.jpeg ,https:\/\/raynov.ma\/wp-content\/uploads\/2024\/09\/a-photo-of-a-high-intensity-lighting-hil-test-benc-3UmJ3ZOOSG-todtMnGN-Mg-Ggg6SJzqRdm8riV2jTXqTw.jpeg 780w, https:\/\/raynov.ma\/wp-content\/uploads\/2024\/09\/a-photo-of-a-high-intensity-lighting-hil-test-benc-3UmJ3ZOOSG-todtMnGN-Mg-Ggg6SJzqRdm8riV2jTXqTw.jpeg 360w\" sizes=\"auto, (max-width: 480px) 150px\" src=\"https:\/\/raynov.ma\/wp-content\/uploads\/2024\/09\/a-photo-of-a-high-intensity-lighting-hil-test-benc-3UmJ3ZOOSG-todtMnGN-Mg-Ggg6SJzqRdm8riV2jTXqTw.jpeg\" alt=\"\" class=\"uag-image-1420\" width=\"560\" height=\"500\" title=\"who-we-are\" loading=\"lazy\" role=\"img\"\/><\/figure><\/div>\n<\/div>\n\n\n\n<blockquote class=\"wp-block-quote is-layout-flow wp-block-quote-is-layout-flow\">\n<p><em>&#8220;Divergent thinkers, we look after our customers\u2019 satisfaction and ensure that our customers\u2019 expectations are consistently met and exceeded.&#8221;<\/em><br>\u2013 SERBOUTI Mohammed, CEO, RAYNOV<\/p>\n<\/blockquote>\n\n\n\n<div class=\"wp-block-uagb-container uagb-block-5if9c491 alignfull uagb-is-root-container\"><div class=\"uagb-container-inner-blocks-wrap\">\n<div class=\"wp-block-uagb-info-box uagb-block-grbkxcfz uagb-infobox__content-wrap  uagb-infobox-icon-above-title uagb-infobox-image-valign-top wp-block-uagb-info-box--has-margin\"><div class=\"uagb-infobox-margin-wrapper\"><div class=\"uagb-ifb-content\"><div class=\"uagb-ifb-title-wrap\"><h2 class=\"uagb-ifb-title\">Notre Histoire<\/h2><\/div><p class=\"uagb-ifb-desc\">Fond\u00e9e en 2012, RAYNOV s\u2019engage \u00e0 fournir des solutions innovantes et sur mesure dans divers secteurs tels que l\u2019automobile, le ferroviaire, l\u2019a\u00e9ronautique, la sant\u00e9 et l\u2019\u00e9ducation.\nNotre engagement envers l\u2019innovation et l\u2019excellence a fa\u00e7onn\u00e9 notre parcours et continue d\u2019orienter notre croissance.<br><br><strong>Nous op\u00e9rons \u00e0 partir de trois bureaux strat\u00e9giquement situ\u00e9s, chacun ayant une sp\u00e9cialisation distincte :<\/strong><\/p><\/div><\/div><\/div>\n\n\n\n<div class=\"wp-block-uagb-container uagb-block-igmn8o0y\">\n<div class=\"wp-block-uagb-info-box uagb-block-gl77n4gt uagb-infobox__content-wrap  uagb-infobox-icon-above-title uagb-infobox-image-valign-top wp-block-uagb-info-box--has-margin\"><div class=\"uagb-infobox-margin-wrapper\"><div class=\"uagb-ifb-content\"><div class=\"uagb-ifb-image-content\"><img decoding=\"async\" src=\"https:\/\/raynov.ma\/wp-content\/uploads\/2025\/01\/morocco-1.png\" alt=\"\" width=\"50\" height=\"50\" loading=\"lazy\"\/><\/div><div class=\"uagb-ifb-title-wrap\"><h3 class=\"uagb-ifb-title\">Centre de R&amp;D et de production<\/h3><\/div><p class=\"uagb-ifb-desc\">Rabat, Maroc \u2013 Pilote nos activit\u00e9s de recherche, d\u00e9veloppement et production.<\/p><\/div><\/div><\/div>\n\n\n\n<div class=\"wp-block-uagb-info-box uagb-block-3mdow2qk uagb-infobox__content-wrap  uagb-infobox-icon-above-title uagb-infobox-image-valign-top wp-block-uagb-info-box--has-margin\"><div class=\"uagb-infobox-margin-wrapper\"><div class=\"uagb-ifb-content\"><div class=\"uagb-ifb-image-content\"><img decoding=\"async\" src=\"https:\/\/raynov.ma\/wp-content\/uploads\/2025\/01\/uk-1.png\" alt=\"\" width=\"50\" height=\"50\" loading=\"lazy\"\/><\/div><div class=\"uagb-ifb-title-wrap\"><h3 class=\"uagb-ifb-title\">Bureau commercial<\/h3><\/div><p class=\"uagb-ifb-desc\">Royaume-Uni \u2013 Se concentre sur les relations clients, le d\u00e9veloppement commercial et l\u2019expansion des march\u00e9s.<\/p><\/div><\/div><\/div>\n\n\n\n<div class=\"wp-block-uagb-info-box uagb-block-vqw31a3q uagb-infobox__content-wrap  uagb-infobox-icon-above-title uagb-infobox-image-valign-top wp-block-uagb-info-box--has-margin\"><div class=\"uagb-infobox-margin-wrapper\"><div class=\"uagb-ifb-content\"><div class=\"uagb-ifb-image-content\"><img decoding=\"async\" src=\"https:\/\/raynov.ma\/wp-content\/uploads\/2025\/01\/china.png\" alt=\"\" width=\"50\" height=\"50\" loading=\"lazy\"\/><\/div><div class=\"uagb-ifb-title-wrap\"><h3 class=\"uagb-ifb-title\">Centre de conception et de prototypage<\/h3><\/div><p class=\"uagb-ifb-desc\">Sp\u00e9cialis\u00e9 dans la conception et le prototypage de produits avec pr\u00e9cision et rapidit\u00e9.<\/p><\/div><\/div><\/div>\n<\/div>\n<\/div><\/div>\n\n\n\n<div class=\"wp-block-uagb-container uagb-block-431d47b1\">\n<div class=\"wp-block-uagb-container uagb-layout-grid uagb-block-7b5db86c\">\n<div class=\"wp-block-uagb-advanced-heading uagb-block-6e03bbae\"><p class=\"uagb-desc-text\">12<\/p><\/div>\n\n\n\n<div class=\"wp-block-uagb-advanced-heading uagb-block-bef253f0\"><p class=\"uagb-desc-text\">Ann\u00e9es d'exp\u00e9rience<\/p><\/div>\n<\/div>\n\n\n\n<div class=\"wp-block-uagb-container uagb-block-85e3da0d\">\n<div class=\"wp-block-uagb-counter uagb-block-9fe039a9 wp-block-uagb-counter--number\"><div class=\"wp-block-uagb-counter__number\"><span class=\"uagb-counter-block-number\" data-duration=\"1.5\" data-to-value=\"100\" data-from-value=\"0\" data-delimiter=\",\"><\/span><span class=\"uagb-counter-block-suffix\">+<\/span><\/div><div class=\"wp-block-uagb-counter__title\">Projets r\u00e9ussis<\/div><\/div>\n<\/div>\n\n\n\n<div class=\"wp-block-uagb-container uagb-block-2f4cb7d4\">\n<div class=\"wp-block-uagb-counter uagb-block-8a8669eb wp-block-uagb-counter--number\"><div class=\"wp-block-uagb-counter__number\"><span class=\"uagb-counter-block-prefix\">0<\/span><span class=\"uagb-counter-block-number\" data-duration=\"1.5\" data-to-value=\"8\" data-from-value=\"0\" data-delimiter=\"\"><\/span><span class=\"uagb-counter-block-suffix\">+<\/span><\/div><div class=\"wp-block-uagb-counter__title\">Collaborations r\u00e9ussies<\/div><\/div>\n<\/div>\n\n\n\n<div class=\"wp-block-uagb-container uagb-block-9bf948ad\">\n<div class=\"wp-block-uagb-counter uagb-block-22ebbefe wp-block-uagb-counter--number\"><div class=\"wp-block-uagb-counter__number\"><span class=\"uagb-counter-block-number\" data-duration=\"1.5\" data-to-value=\"98\" data-from-value=\"0\" data-delimiter=\",\"><\/span><span class=\"uagb-counter-block-suffix\">%<\/span><\/div><div class=\"wp-block-uagb-counter__title\">Satisfaction client<\/div><\/div>\n<\/div>\n<\/div>\n\n\n\n<div class=\"wp-block-uagb-container uagb-block-fb01d7f2\">\n<div class=\"wp-block-uagb-advanced-heading uagb-block-296310b8\"><h3 class=\"uagb-heading-text\">Nos Valeurs<\/h3><\/div>\n\n\n\n<p class=\"has-text-align-center\">Nos valeurs nous distinguent, repr\u00e9sentent les piliers de notre croissance et nous guident sur la voie du succ\u00e8s.<\/p>\n\n\n\n<div class=\"wp-block-uagb-container uagb-block-ib2tfzwf\">\n<div class=\"wp-block-uagb-info-box uagb-block-6vbi1ewd uagb-infobox__content-wrap  uagb-infobox-icon-above-title uagb-infobox-image-valign-top wp-block-uagb-info-box--has-margin\"><div class=\"uagb-infobox-margin-wrapper\"><div class=\"uagb-ifb-content\"><div class=\"uagb-ifb-icon-wrap\"><div class=\"uagb-iconbox-icon-wrap uagb-infobox-shape-circle\"><svg xmlns=\"https:\/\/www.w3.org\/2000\/svg\" viewbox=\"0 0 448 512\"><path d=\"M438.6 105.4C451.1 117.9 451.1 138.1 438.6 150.6L182.6 406.6C170.1 419.1 149.9 419.1 137.4 406.6L9.372 278.6C-3.124 266.1-3.124 245.9 9.372 233.4C21.87 220.9 42.13 220.9 54.63 233.4L159.1 338.7L393.4 105.4C405.9 92.88 426.1 92.88 438.6 105.4H438.6z\"><\/path><\/svg><\/div><\/div><div class=\"uagb-ifb-title-wrap\"><h4 class=\"uagb-ifb-title\">Excellence<\/h4><\/div><\/div><\/div><\/div>\n\n\n\n<div class=\"wp-block-uagb-info-box uagb-block-72nmwq2s uagb-infobox__content-wrap  uagb-infobox-icon-above-title uagb-infobox-image-valign-top wp-block-uagb-info-box--has-margin\"><div class=\"uagb-infobox-margin-wrapper\"><div class=\"uagb-ifb-content\"><div class=\"uagb-ifb-icon-wrap\"><div class=\"uagb-iconbox-icon-wrap uagb-infobox-shape-circle\"><svg xmlns=\"https:\/\/www.w3.org\/2000\/svg\" viewbox=\"0 0 448 512\"><path d=\"M438.6 105.4C451.1 117.9 451.1 138.1 438.6 150.6L182.6 406.6C170.1 419.1 149.9 419.1 137.4 406.6L9.372 278.6C-3.124 266.1-3.124 245.9 9.372 233.4C21.87 220.9 42.13 220.9 54.63 233.4L159.1 338.7L393.4 105.4C405.9 92.88 426.1 92.88 438.6 105.4H438.6z\"><\/path><\/svg><\/div><\/div><div class=\"uagb-ifb-title-wrap\"><h4 class=\"uagb-ifb-title\">Gestion bienveillante<\/h4><\/div><\/div><\/div><\/div>\n\n\n\n<div class=\"wp-block-uagb-info-box uagb-block-uvi4yvdi uagb-infobox__content-wrap  uagb-infobox-icon-above-title uagb-infobox-image-valign-top wp-block-uagb-info-box--has-margin\"><div class=\"uagb-infobox-margin-wrapper\"><div class=\"uagb-ifb-content\"><div class=\"uagb-ifb-icon-wrap\"><div class=\"uagb-iconbox-icon-wrap uagb-infobox-shape-circle\"><svg xmlns=\"https:\/\/www.w3.org\/2000\/svg\" viewbox=\"0 0 448 512\"><path d=\"M438.6 105.4C451.1 117.9 451.1 138.1 438.6 150.6L182.6 406.6C170.1 419.1 149.9 419.1 137.4 406.6L9.372 278.6C-3.124 266.1-3.124 245.9 9.372 233.4C21.87 220.9 42.13 220.9 54.63 233.4L159.1 338.7L393.4 105.4C405.9 92.88 426.1 92.88 438.6 105.4H438.6z\"><\/path><\/svg><\/div><\/div><div class=\"uagb-ifb-title-wrap\"><h4 class=\"uagb-ifb-title\">Engagement collaboratif<\/h4><\/div><\/div><\/div><\/div>\n<\/div>\n<\/div>\n\n\n\n<div class=\"wp-block-uagb-image uagb-block-955c02b2 wp-block-uagb-image--layout-default wp-block-uagb-image--effect-static wp-block-uagb-image--align-none\"><figure class=\"wp-block-uagb-image__figure\"><img decoding=\"async\" srcset=\"https:\/\/raynov.ma\/wp-content\/uploads\/2024\/09\/a-photo-of-a-technology-laboratory-with-an-electro-7lKHaL8sSgSyzD8Q1bB5EQ-XezQDCwgRo-qv4Mq3_zt9g-1.jpeg ,https:\/\/raynov.ma\/wp-content\/uploads\/2024\/09\/a-photo-of-a-technology-laboratory-with-an-electro-7lKHaL8sSgSyzD8Q1bB5EQ-XezQDCwgRo-qv4Mq3_zt9g-1.jpeg 780w, https:\/\/raynov.ma\/wp-content\/uploads\/2024\/09\/a-photo-of-a-technology-laboratory-with-an-electro-7lKHaL8sSgSyzD8Q1bB5EQ-XezQDCwgRo-qv4Mq3_zt9g-1.jpeg 360w\" sizes=\"auto, (max-width: 480px) 150px\" src=\"https:\/\/raynov.ma\/wp-content\/uploads\/2024\/09\/a-photo-of-a-technology-laboratory-with-an-electro-7lKHaL8sSgSyzD8Q1bB5EQ-XezQDCwgRo-qv4Mq3_zt9g-1.jpeg\" alt=\"\" class=\"uag-image-1421\" width=\"1200\" height=\"450\" title=\"our-stories\" loading=\"lazy\" role=\"img\"\/><\/figure><\/div>\n<\/div><\/div>\n\n\n\n<div class=\"wp-block-uagb-container uagb-block-9835541a alignfull uagb-is-root-container\"><div class=\"uagb-container-inner-blocks-wrap\">\n<div class=\"wp-block-uagb-advanced-heading uagb-block-2a7e709e\"><p class=\"uagb-desc-text\">Nos Convictions Fondamentales<\/p><h2 class=\"uagb-heading-text\">Nos Missions et Engagements<\/h2><\/div>\n\n\n\n<div class=\"wp-block-uagb-container uagb-block-bee5e08e\">\n<div class=\"wp-block-uagb-advanced-heading uagb-block-4c11c17e\"><h3 class=\"uagb-heading-text\">Notre Mission<\/h3><p class=\"uagb-desc-text translation-block\">Depuis 2012, nous d\u00e9veloppons des solutions innovantes et adapt\u00e9es pour des leaders internationaux dans les secteurs automobile, ferroviaire, a\u00e9ronautique, m\u00e9dical et \u00e9ducatif.\n<br>Notre r\u00f4le est de r\u00e9pondre aux besoins de nos partenaires en fournissant des solutions personnalis\u00e9es conformes \u00e0 leurs attentes.\nPour ce faire, nous nous appuyons sur les derni\u00e8res technologies afin de promouvoir en continu nos comp\u00e9tences et d\u2019assurer une croissance durable et comp\u00e9titive.\n<br>Notre expertise, notre d\u00e9vouement et notre engagement sont les cl\u00e9s de notre succ\u00e8s.\n<br>Nous collaborons \u00e9galement avec des universit\u00e9s prestigieuses et des laboratoires de pointe, qui participent activement au d\u00e9veloppement de nouvelles id\u00e9es avec une vision innovante.<\/p><\/div>\n\n\n\n<div class=\"wp-block-uagb-advanced-heading uagb-block-96847d37\"><h3 class=\"uagb-heading-text\">Our commitments<\/h3><p class=\"uagb-desc-text translation-block\">Nos valeurs nous distinguent, repr\u00e9sentent les fondements de notre croissance et nous guident vers le succ\u00e8s.\n<br>De l\u2019\u00e9tude de faisabilit\u00e9 \u00e0 la mise en \u0153uvre, nous suivons de pr\u00e8s l\u2019\u00e9volution des projets en prenant en compte les sp\u00e9cificit\u00e9s de chaque secteur, ses exigences et ses contraintes.\n\n<br>Gr\u00e2ce \u00e0 notre savoir-faire, nous avons su instaurer une relation de confiance avec des partenaires de renom.\n<br>Nous avons choisi d\u2019adopter des pratiques innovantes et collaboratives avec nos \u00e9quipes, r\u00e9unissant des talents multidisciplinaires et des experts, afin de garantir l\u2019atteinte des objectifs et de r\u00e9pondre efficacement aux attentes de nos clients.<\/p><\/div>\n<\/div>\n<\/div><\/div>\n\n\n\n<p><\/p>","protected":false},"excerpt":{"rendered":"<p>Discover About RAYNOV Technologies &#8220;Divergent thinkers, we look after our customers\u2019 satisfaction and ensure that our customers\u2019 expectations are consistently [&hellip;]<\/p>","protected":false},"author":1,"featured_media":0,"parent":0,"menu_order":0,"comment_status":"closed","ping_status":"closed","template":"","meta":{"_uag_custom_page_level_css":"","_monsterinsights_skip_tracking":false,"_monsterinsights_sitenote_active":false,"_monsterinsights_sitenote_note":"","_monsterinsights_sitenote_category":0,"site-sidebar-layout":"default","site-content-layout":"","ast-site-content-layout":"","site-content-style":"default","site-sidebar-style":"default","ast-global-header-display":"","ast-banner-title-visibility":"","ast-main-header-display":"","ast-hfb-above-header-display":"","ast-hfb-below-header-display":"","ast-hfb-mobile-header-display":"","site-post-title":"disabled","ast-breadcrumbs-content":"","ast-featured-img":"","footer-sml-layout":"","theme-transparent-header-meta":"enabled","adv-header-id-meta":"","stick-header-meta":"","header-above-stick-meta":"","header-main-stick-meta":"","header-below-stick-meta":"","astra-migrate-meta-layouts":"default","ast-page-background-enabled":"default","ast-page-background-meta":{"desktop":{"background-color":"var(--ast-global-color-4)","background-image":"","background-repeat":"repeat","background-position":"center center","background-size":"auto","background-attachment":"scroll","background-type":"","background-media":"","overlay-type":"","overlay-color":"","overlay-opacity":"","overlay-gradient":""},"tablet":{"background-color":"","background-image":"","background-repeat":"repeat","background-position":"center center","background-size":"auto","background-attachment":"scroll","background-type":"","background-media":"","overlay-type":"","overlay-color":"","overlay-opacity":"","overlay-gradient":""},"mobile":{"background-color":"","background-image":"","background-repeat":"repeat","background-position":"center center","background-size":"auto","background-attachment":"scroll","background-type":"","background-media":"","overlay-type":"","overlay-color":"","overlay-opacity":"","overlay-gradient":""}},"ast-content-background-meta":{"desktop":{"background-color":"var(--ast-global-color-5)","background-image":"","background-repeat":"repeat","background-position":"center center","background-size":"auto","background-attachment":"scroll","background-type":"","background-media":"","overlay-type":"","overlay-color":"","overlay-opacity":"","overlay-gradient":""},"tablet":{"background-color":"var(--ast-global-color-5)","background-image":"","background-repeat":"repeat","background-position":"center center","background-size":"auto","background-attachment":"scroll","background-type":"","background-media":"","overlay-type":"","overlay-color":"","overlay-opacity":"","overlay-gradient":""},"mobile":{"background-color":"var(--ast-global-color-5)","background-image":"","background-repeat":"repeat","background-position":"center center","background-size":"auto","background-attachment":"scroll","background-type":"","background-media":"","overlay-type":"","overlay-color":"","overlay-opacity":"","overlay-gradient":""}},"footnotes":""},"class_list":["post-279","page","type-page","status-publish","hentry"],"_hostinger_reach_plugin_has_subscription_block":false,"_hostinger_reach_plugin_is_elementor":false,"uagb_featured_image_src":{"full":false,"thumbnail":false,"medium":false,"medium_large":false,"large":false,"1536x1536":false,"2048x2048":false,"trp-custom-language-flag":false},"uagb_author_info":{"display_name":"contact@raynov.ma","author_link":"https:\/\/raynov.ma\/fr\/author\/contactraynov-ma\/"},"uagb_comment_info":0,"uagb_excerpt":"Discover About RAYNOV Technologies &#8220;Divergent thinkers, we look after our customers\u2019 satisfaction and ensure that our customers\u2019 expectations are consistently [&hellip;]","_links":{"self":[{"href":"https:\/\/raynov.ma\/fr\/wp-json\/wp\/v2\/pages\/279","targetHints":{"allow":["GET"]}}],"collection":[{"href":"https:\/\/raynov.ma\/fr\/wp-json\/wp\/v2\/pages"}],"about":[{"href":"https:\/\/raynov.ma\/fr\/wp-json\/wp\/v2\/types\/page"}],"author":[{"embeddable":true,"href":"https:\/\/raynov.ma\/fr\/wp-json\/wp\/v2\/users\/1"}],"replies":[{"embeddable":true,"href":"https:\/\/raynov.ma\/fr\/wp-json\/wp\/v2\/comments?post=279"}],"version-history":[{"count":20,"href":"https:\/\/raynov.ma\/fr\/wp-json\/wp\/v2\/pages\/279\/revisions"}],"predecessor-version":[{"id":2313,"href":"https:\/\/raynov.ma\/fr\/wp-json\/wp\/v2\/pages\/279\/revisions\/2313"}],"wp:attachment":[{"href":"https:\/\/raynov.ma\/fr\/wp-json\/wp\/v2\/media?parent=279"}],"curies":[{"name":"wp","href":"https:\/\/api.w.org\/{rel}","templated":true}]}}