{"id":280,"date":"2024-09-06T10:52:33","date_gmt":"2024-09-06T10:52:33","guid":{"rendered":"https:\/\/raynov.ma\/services\/"},"modified":"2025-03-19T17:48:25","modified_gmt":"2025-03-19T17:48:25","slug":"services","status":"publish","type":"page","link":"https:\/\/raynov.ma\/fr\/services\/","title":{"rendered":"Services"},"content":{"rendered":"<div class=\"wp-block-uagb-container uagb-block-d43d0c88 alignfull uagb-is-root-container\"><div class=\"uagb-container-inner-blocks-wrap\">\n<div class=\"wp-block-uagb-advanced-heading uagb-block-8f5d1181\"><p class=\"uagb-desc-text\">Expertise en<\/p><h1 class=\"uagb-heading-text\">Solutions technologiques de pointe pour votre entreprise<\/h1><\/div>\n<\/div><\/div>\n\n\n\n<div class=\"wp-block-uagb-container uagb-block-1c26696c alignfull uagb-is-root-container\"><div class=\"uagb-container-inner-blocks-wrap\">\n<div class=\"wp-block-uagb-container uagb-layout-grid uagb-block-db6d347b\">\n<div class=\"wp-block-uagb-image uagb-block-32b0bc6b wp-block-uagb-image--layout-default wp-block-uagb-image--effect-static wp-block-uagb-image--align-none\"><figure class=\"wp-block-uagb-image__figure\"><img decoding=\"async\" srcset=\"https:\/\/raynov.ma\/wp-content\/uploads\/2024\/09\/a-modern-high-tech-laboratory-with-an-electronic-h-TNc1mlnoTpGX3MwdusU1kw-4UYyvul7TAWeeGE5kaEsJQ-1-1.jpeg ,https:\/\/raynov.ma\/wp-content\/uploads\/2024\/09\/a-modern-high-tech-laboratory-with-an-electronic-h-TNc1mlnoTpGX3MwdusU1kw-4UYyvul7TAWeeGE5kaEsJQ-1-1.jpeg 780w, https:\/\/raynov.ma\/wp-content\/uploads\/2024\/09\/a-modern-high-tech-laboratory-with-an-electronic-h-TNc1mlnoTpGX3MwdusU1kw-4UYyvul7TAWeeGE5kaEsJQ-1-1.jpeg 360w\" sizes=\"auto, (max-width: 480px) 150px\" src=\"https:\/\/raynov.ma\/wp-content\/uploads\/2024\/09\/a-modern-high-tech-laboratory-with-an-electronic-h-TNc1mlnoTpGX3MwdusU1kw-4UYyvul7TAWeeGE5kaEsJQ-1-1.jpeg\" alt=\"\" class=\"uag-image-1425\" width=\"512\" height=\"400\" title=\"a-modern-high-tech-laboratory-with-an-electronic-h-TNc1mlnoTpGX3MwdusU1kw-4UYyvul7TAWeeGE5kaEsJQ (1)\" loading=\"lazy\" role=\"img\"\/><\/figure><\/div>\n\n\n\n<div class=\"wp-block-uagb-info-box uagb-block-f77218c5 uagb-infobox__content-wrap  uagb-infobox-icon-above-title uagb-infobox-image-valign-top wp-block-uagb-info-box--has-margin\"><div class=\"uagb-infobox-margin-wrapper\"><div class=\"uagb-ifb-content\"><div class=\"uagb-ifb-title-wrap\"><h2 class=\"uagb-ifb-title-prefix\">01.<\/h2><h3 class=\"uagb-ifb-title\">Solutions de test<\/h3><\/div><div class=\"uagb-ifb-desc\">\n<p>Notre expertise nous permet de d\u00e9velopper des \u00e9quipements de test qui \u00e9valuent les dispositifs des clients, v\u00e9rifient leur efficacit\u00e9 et garantissent des performances optimales.<br><\/p>\n<\/div><div class=\"uagb-ifb-separator\"><\/div><div class=\"uagb-ifb-button-wrapper wp-block-button\"><a href=\"https:\/\/raynov.ma\/fr\/testing-solutions\/\" target=\"_self\" onclick=\"return true;\" class=\"uagb-infobox-cta-link\" rel=\"noopener noreferrer\"><span class=\"uagb-inline-editing\">Lire la suite<\/span><svg xmlns=\"https:\/\/www.w3.org\/2000\/svg\" viewbox=\"0 0 512 512\"><path d=\"M504.3 273.6l-112.1 104c-6.992 6.484-17.18 8.218-25.94 4.406c-8.758-3.812-14.42-12.45-14.42-21.1L351.9 288H32C14.33 288 .0002 273.7 .0002 255.1S14.33 224 32 224h319.9l0-72c0-9.547 5.66-18.19 14.42-22c8.754-3.809 18.95-2.075 25.94 4.41l112.1 104C514.6 247.9 514.6 264.1 504.3 273.6z\"><\/path><\/svg><\/a><\/div><\/div><\/div><\/div>\n<\/div>\n\n\n\n<div class=\"wp-block-uagb-container uagb-layout-grid uagb-block-f46edbe6\">\n<div class=\"wp-block-uagb-image uagb-block-bcb273d9 wp-block-uagb-image--layout-default wp-block-uagb-image--effect-static wp-block-uagb-image--align-none\"><figure class=\"wp-block-uagb-image__figure\"><img decoding=\"async\" srcset=\"https:\/\/raynov.ma\/wp-content\/uploads\/2024\/09\/a-photo-of-a-high-tech-laboratory-with-an-electron-WX1_x5k0RXqXUqFYxmr_tg-Xh2Pk8GjSViJUKMSrYnGcQ-1.jpeg ,https:\/\/raynov.ma\/wp-content\/uploads\/2024\/09\/a-photo-of-a-high-tech-laboratory-with-an-electron-WX1_x5k0RXqXUqFYxmr_tg-Xh2Pk8GjSViJUKMSrYnGcQ-1.jpeg 780w, https:\/\/raynov.ma\/wp-content\/uploads\/2024\/09\/a-photo-of-a-high-tech-laboratory-with-an-electron-WX1_x5k0RXqXUqFYxmr_tg-Xh2Pk8GjSViJUKMSrYnGcQ-1.jpeg 360w\" sizes=\"auto, (max-width: 480px) 150px\" src=\"https:\/\/raynov.ma\/wp-content\/uploads\/2024\/09\/a-photo-of-a-high-tech-laboratory-with-an-electron-WX1_x5k0RXqXUqFYxmr_tg-Xh2Pk8GjSViJUKMSrYnGcQ-1.jpeg\" alt=\"\" class=\"uag-image-1423\" width=\"512\" height=\"400\" title=\"services-02\" loading=\"lazy\" role=\"img\"\/><\/figure><\/div>\n\n\n\n<div class=\"wp-block-uagb-info-box uagb-block-b0c52ba5 uagb-infobox__content-wrap  uagb-infobox-icon-above-title uagb-infobox-image-valign-top wp-block-uagb-info-box--has-margin\"><div class=\"uagb-infobox-margin-wrapper\"><div class=\"uagb-ifb-content\"><div class=\"uagb-ifb-title-wrap\"><h2 class=\"uagb-ifb-title-prefix\">02.<\/h2><h3 class=\"uagb-ifb-title\">Ing\u00e9nierie \u00e9lectronique<\/h3><\/div><div class=\"uagb-ifb-desc\">\n<p>Nous concevons et fabriquons des produits sp\u00e9cifiques \u00e0 nos clients, adapt\u00e9s \u00e0 leurs besoins, en garantissant une \u00e9valuation et une validation approfondies.<br><\/p>\n<\/div><div class=\"uagb-ifb-separator\"><\/div><div class=\"uagb-ifb-button-wrapper wp-block-button\"><a href=\"https:\/\/raynov.ma\/fr\/electronics-engineering\/\" target=\"_self\" onclick=\"return true;\" class=\"uagb-infobox-cta-link\" rel=\"noopener noreferrer\"><span class=\"uagb-inline-editing\">Lire la suite<\/span><svg xmlns=\"https:\/\/www.w3.org\/2000\/svg\" viewbox=\"0 0 512 512\"><path d=\"M504.3 273.6l-112.1 104c-6.992 6.484-17.18 8.218-25.94 4.406c-8.758-3.812-14.42-12.45-14.42-21.1L351.9 288H32C14.33 288 .0002 273.7 .0002 255.1S14.33 224 32 224h319.9l0-72c0-9.547 5.66-18.19 14.42-22c8.754-3.809 18.95-2.075 25.94 4.41l112.1 104C514.6 247.9 514.6 264.1 504.3 273.6z\"><\/path><\/svg><\/a><\/div><\/div><\/div><\/div>\n<\/div>\n\n\n\n<div class=\"wp-block-uagb-container uagb-layout-grid uagb-block-bf258a9a\">\n<div class=\"wp-block-uagb-image uagb-block-3367d708 wp-block-uagb-image--layout-default wp-block-uagb-image--effect-static wp-block-uagb-image--align-none\"><figure class=\"wp-block-uagb-image__figure\"><img decoding=\"async\" srcset=\"https:\/\/raynov.ma\/wp-content\/uploads\/2025\/02\/automation-717x1024.webp ,https:\/\/raynov.ma\/wp-content\/uploads\/2025\/02\/automation.webp 780w, https:\/\/raynov.ma\/wp-content\/uploads\/2025\/02\/automation.webp 360w\" sizes=\"auto, (max-width: 480px) 150px\" src=\"https:\/\/raynov.ma\/wp-content\/uploads\/2025\/02\/automation-717x1024.webp\" alt=\"\" class=\"uag-image-2132\" width=\"512\" height=\"400\" title=\"automation\" loading=\"lazy\" role=\"img\"\/><\/figure><\/div>\n\n\n\n<div class=\"wp-block-uagb-info-box uagb-block-0a3de28d uagb-infobox__content-wrap  uagb-infobox-icon-above-title uagb-infobox-image-valign-top wp-block-uagb-info-box--has-margin\"><div class=\"uagb-infobox-margin-wrapper\"><div class=\"uagb-ifb-content\"><div class=\"uagb-ifb-title-wrap\"><h2 class=\"uagb-ifb-title-prefix\">03.<\/h2><h3 class=\"uagb-ifb-title\">Solutions pour l'industrie<\/h3><\/div><div class=\"uagb-ifb-desc\">\n<p>Nous fournissons des solutions personnalis\u00e9es pour r\u00e9pondre aux d\u00e9fis sp\u00e9cifiques de l'industrie, en am\u00e9liorant l'efficacit\u00e9 et en garantissant une int\u00e9gration transparente.<br><\/p>\n<\/div><div class=\"uagb-ifb-separator\"><\/div><div class=\"uagb-ifb-button-wrapper wp-block-button\"><a href=\"https:\/\/raynov.ma\/fr\/industry-solutions\/\" target=\"_self\" onclick=\"return true;\" class=\"uagb-infobox-cta-link\" rel=\"noopener noreferrer\"><span class=\"uagb-inline-editing\">Lire la suite<\/span><svg xmlns=\"https:\/\/www.w3.org\/2000\/svg\" viewbox=\"0 0 512 512\"><path d=\"M504.3 273.6l-112.1 104c-6.992 6.484-17.18 8.218-25.94 4.406c-8.758-3.812-14.42-12.45-14.42-21.1L351.9 288H32C14.33 288 .0002 273.7 .0002 255.1S14.33 224 32 224h319.9l0-72c0-9.547 5.66-18.19 14.42-22c8.754-3.809 18.95-2.075 25.94 4.41l112.1 104C514.6 247.9 514.6 264.1 504.3 273.6z\"><\/path><\/svg><\/a><\/div><\/div><\/div><\/div>\n<\/div>\n\n\n\n<div class=\"wp-block-uagb-container uagb-layout-grid uagb-block-acdfb74d\">\n<div class=\"wp-block-uagb-image uagb-block-b2aef285 wp-block-uagb-image--layout-default wp-block-uagb-image--effect-static wp-block-uagb-image--align-none\"><figure class=\"wp-block-uagb-image__figure\"><img decoding=\"async\" srcset=\"https:\/\/raynov.ma\/wp-content\/uploads\/2024\/09\/a-photo-of-a-high-tech-laboratory-with-an-electron-dYpBw-ocRsaxVzTGUFREHw-Xh2Pk8GjSViJUKMSrYnGcQ-1.jpeg ,https:\/\/raynov.ma\/wp-content\/uploads\/2024\/09\/a-photo-of-a-high-tech-laboratory-with-an-electron-dYpBw-ocRsaxVzTGUFREHw-Xh2Pk8GjSViJUKMSrYnGcQ-1.jpeg 780w, https:\/\/raynov.ma\/wp-content\/uploads\/2024\/09\/a-photo-of-a-high-tech-laboratory-with-an-electron-dYpBw-ocRsaxVzTGUFREHw-Xh2Pk8GjSViJUKMSrYnGcQ-1.jpeg 360w\" sizes=\"auto, (max-width: 480px) 150px\" src=\"https:\/\/raynov.ma\/wp-content\/uploads\/2024\/09\/a-photo-of-a-high-tech-laboratory-with-an-electron-dYpBw-ocRsaxVzTGUFREHw-Xh2Pk8GjSViJUKMSrYnGcQ-1.jpeg\" alt=\"\" class=\"uag-image-1424\" width=\"512\" height=\"400\" title=\"services-03\" loading=\"lazy\" role=\"img\"\/><\/figure><\/div>\n\n\n\n<div class=\"wp-block-uagb-info-box uagb-block-a9241075 uagb-infobox__content-wrap  uagb-infobox-icon-above-title uagb-infobox-image-valign-top wp-block-uagb-info-box--has-margin\"><div class=\"uagb-infobox-margin-wrapper\"><div class=\"uagb-ifb-content\"><div class=\"uagb-ifb-title-wrap\"><h2 class=\"uagb-ifb-title-prefix\">04.<\/h2><h3 class=\"uagb-ifb-title\">Conception du produit<\/h3><\/div><div class=\"uagb-ifb-desc\">\n<p>Nous guidons nos clients du concept au produit, en donnant la priorit\u00e9 \u00e0 la conception, \u00e0 la fonctionnalit\u00e9 et \u00e0 l'int\u00e9gration transparente afin de fournir des solutions qui red\u00e9finissent l'excellence.<br><\/p>\n<\/div><div class=\"uagb-ifb-separator\"><\/div><div class=\"uagb-ifb-button-wrapper wp-block-button\"><a href=\"https:\/\/raynov.ma\/fr\/product-design\/\" target=\"_self\" onclick=\"return true;\" class=\"uagb-infobox-cta-link\" rel=\"noopener noreferrer\"><span class=\"uagb-inline-editing\">Lire la suite<\/span><svg xmlns=\"https:\/\/www.w3.org\/2000\/svg\" viewbox=\"0 0 512 512\"><path d=\"M504.3 273.6l-112.1 104c-6.992 6.484-17.18 8.218-25.94 4.406c-8.758-3.812-14.42-12.45-14.42-21.1L351.9 288H32C14.33 288 .0002 273.7 .0002 255.1S14.33 224 32 224h319.9l0-72c0-9.547 5.66-18.19 14.42-22c8.754-3.809 18.95-2.075 25.94 4.41l112.1 104C514.6 247.9 514.6 264.1 504.3 273.6z\"><\/path><\/svg><\/a><\/div><\/div><\/div><\/div>\n<\/div>\n<\/div><\/div>","protected":false},"excerpt":{"rendered":"<p>Expertise in Cutting-Edge Technology Solutions for Your Business<\/p>","protected":false},"author":1,"featured_media":0,"parent":0,"menu_order":0,"comment_status":"closed","ping_status":"closed","template":"","meta":{"_uag_custom_page_level_css":"","_monsterinsights_skip_tracking":false,"_monsterinsights_sitenote_active":false,"_monsterinsights_sitenote_note":"","_monsterinsights_sitenote_category":0,"site-sidebar-layout":"default","site-content-layout":"","ast-site-content-layout":"","site-content-style":"default","site-sidebar-style":"default","ast-global-header-display":"","ast-banner-title-visibility":"","ast-main-header-display":"","ast-hfb-above-header-display":"","ast-hfb-below-header-display":"","ast-hfb-mobile-header-display":"","site-post-title":"disabled","ast-breadcrumbs-content":"","ast-featured-img":"","footer-sml-layout":"","theme-transparent-header-meta":"enabled","adv-header-id-meta":"","stick-header-meta":"","header-above-stick-meta":"","header-main-stick-meta":"","header-below-stick-meta":"","astra-migrate-meta-layouts":"default","ast-page-background-enabled":"default","ast-page-background-meta":{"desktop":{"background-color":"var(--ast-global-color-4)","background-image":"","background-repeat":"repeat","background-position":"center center","background-size":"auto","background-attachment":"scroll","background-type":"","background-media":"","overlay-type":"","overlay-color":"","overlay-opacity":"","overlay-gradient":""},"tablet":{"background-color":"","background-image":"","background-repeat":"repeat","background-position":"center center","background-size":"auto","background-attachment":"scroll","background-type":"","background-media":"","overlay-type":"","overlay-color":"","overlay-opacity":"","overlay-gradient":""},"mobile":{"background-color":"","background-image":"","background-repeat":"repeat","background-position":"center center","background-size":"auto","background-attachment":"scroll","background-type":"","background-media":"","overlay-type":"","overlay-color":"","overlay-opacity":"","overlay-gradient":""}},"ast-content-background-meta":{"desktop":{"background-color":"var(--ast-global-color-5)","background-image":"","background-repeat":"repeat","background-position":"center center","background-size":"auto","background-attachment":"scroll","background-type":"","background-media":"","overlay-type":"","overlay-color":"","overlay-opacity":"","overlay-gradient":""},"tablet":{"background-color":"var(--ast-global-color-5)","background-image":"","background-repeat":"repeat","background-position":"center center","background-size":"auto","background-attachment":"scroll","background-type":"","background-media":"","overlay-type":"","overlay-color":"","overlay-opacity":"","overlay-gradient":""},"mobile":{"background-color":"var(--ast-global-color-5)","background-image":"","background-repeat":"repeat","background-position":"center center","background-size":"auto","background-attachment":"scroll","background-type":"","background-media":"","overlay-type":"","overlay-color":"","overlay-opacity":"","overlay-gradient":""}},"footnotes":""},"class_list":["post-280","page","type-page","status-publish","hentry"],"_hostinger_reach_plugin_has_subscription_block":false,"_hostinger_reach_plugin_is_elementor":false,"uagb_featured_image_src":{"full":false,"thumbnail":false,"medium":false,"medium_large":false,"large":false,"1536x1536":false,"2048x2048":false,"trp-custom-language-flag":false},"uagb_author_info":{"display_name":"contact@raynov.ma","author_link":"https:\/\/raynov.ma\/fr\/author\/contactraynov-ma\/"},"uagb_comment_info":0,"uagb_excerpt":"Expertise in Cutting-Edge Technology Solutions for Your Business","_links":{"self":[{"href":"https:\/\/raynov.ma\/fr\/wp-json\/wp\/v2\/pages\/280","targetHints":{"allow":["GET"]}}],"collection":[{"href":"https:\/\/raynov.ma\/fr\/wp-json\/wp\/v2\/pages"}],"about":[{"href":"https:\/\/raynov.ma\/fr\/wp-json\/wp\/v2\/types\/page"}],"author":[{"embeddable":true,"href":"https:\/\/raynov.ma\/fr\/wp-json\/wp\/v2\/users\/1"}],"replies":[{"embeddable":true,"href":"https:\/\/raynov.ma\/fr\/wp-json\/wp\/v2\/comments?post=280"}],"version-history":[{"count":19,"href":"https:\/\/raynov.ma\/fr\/wp-json\/wp\/v2\/pages\/280\/revisions"}],"predecessor-version":[{"id":2511,"href":"https:\/\/raynov.ma\/fr\/wp-json\/wp\/v2\/pages\/280\/revisions\/2511"}],"wp:attachment":[{"href":"https:\/\/raynov.ma\/fr\/wp-json\/wp\/v2\/media?parent=280"}],"curies":[{"name":"wp","href":"https:\/\/api.w.org\/{rel}","templated":true}]}}